{"id":6990,"date":"2022-05-26T11:54:49","date_gmt":"2022-05-26T14:54:49","guid":{"rendered":"https:\/\/noticiasungs.ungs.edu.ar\/?page_id=6990"},"modified":"2022-05-27T18:15:35","modified_gmt":"2022-05-27T21:15:35","slug":"noticias-ungs-no-82-2-2-3-2-2-2-2-2-2-2-2-2-4","status":"publish","type":"page","link":"https:\/\/noticiasungs.ungs.edu.ar\/","title":{"rendered":"Noticias UNGS Edici\u00f3n especial Elecciones 2022"},"content":{"rendered":"<section class=\"full vc_row wpb_row vc_row-fluid\">\n\t<div class=\"vc_col-sm-12 wpb_column vc_column_container \">\n\t\t<div class=\"wpb_wrapper\">\n\t\t\t\t<div class=\"aq-block-aq_page_header_block\">\r\n\t\r\n<header class=\"page-header ebor-pad-me\">\r\n\r\n\t<div class=\"background-image-holder parallax-background\">\r\n\t\t<img width=\"2560\" height=\"1438\" src=\"https:\/\/noticiasungs.ungs.edu.ar\/wp-content\/uploads\/2022\/05\/Campus-Estudiantes-38-scaled.jpg\" class=\"background-image\" alt=\"\" loading=\"lazy\" srcset=\"https:\/\/noticiasungs.ungs.edu.ar\/wp-content\/uploads\/2022\/05\/Campus-Estudiantes-38-scaled.jpg 2560w, https:\/\/noticiasungs.ungs.edu.ar\/wp-content\/uploads\/2022\/05\/Campus-Estudiantes-38-300x169.jpg 300w, https:\/\/noticiasungs.ungs.edu.ar\/wp-content\/uploads\/2022\/05\/Campus-Estudiantes-38-1024x575.jpg 1024w, https:\/\/noticiasungs.ungs.edu.ar\/wp-content\/uploads\/2022\/05\/Campus-Estudiantes-38-768x431.jpg 768w, https:\/\/noticiasungs.ungs.edu.ar\/wp-content\/uploads\/2022\/05\/Campus-Estudiantes-38-1536x863.jpg 1536w, https:\/\/noticiasungs.ungs.edu.ar\/wp-content\/uploads\/2022\/05\/Campus-Estudiantes-38-2048x1150.jpg 2048w\" sizes=\"(max-width: 2560px) 100vw, 2560px\" \/>\t<\/div>\r\n\t\r\n\t<div class=\"container\">\r\n\t\t<div class=\"row\">\r\n\t\t\t<div class=\"col-sm-12 text-center\">\r\n\t\t\t\t<span class=\"text-white alt-font\">Edici\u00f3n especial<\/span><h1 class=\"text-white space-bottom-medium\">ELECCIONES 2022<\/h1>\t\t\t<\/div>\r\n\t\t<\/div>\r\n\t<\/div>\r\n\t\r\n<\/header>\r\n\r\n\t<\/div>\r\n\t\n\t\t<\/div> \n\t<\/div> \n<\/section><section class=\"full vc_row wpb_row vc_row-fluid\">\n\t<div class=\"vc_col-sm-12 wpb_column vc_column_container \">\n\t\t<div class=\"wpb_wrapper\">\n\t\t\t<span class=\" alt-font text-center ebor-block\">..................<\/span><a href=\"#\" id=\"\" class=\"in-page-link\"><\/a><section class=\" vc_row wpb_row vc_inner vc_row-fluid vc_custom_1414683745936\"><div class=\"container\"><div class=\"row\">\n\t<div class=\"vc_col-sm-12 wpb_column vc_column_container \">\n\t\t<div class=\"wpb_wrapper\">\n\t\t\t\t<div class=\"aq-block-aq_page_header_block\">\r\n\t\r\n<section class=\"action-banner overlay ebor-pad-me\">\r\n\r\n\t<div class=\"background-image-holder parallax-background\">\r\n\t\t\t<\/div>\r\n\t\r\n\t<div class=\"container\">\r\n\t\t<div class=\"row\">\r\n\t\t\t<div class=\"col-md-8 col-md-offset-2 col-sm-10 col-sm-offset-1 text-center\">\r\n\t\t\t\t<h1 class=\"text-white\">Editorial<\/h1><h2 class=\"text-white\">Acerca de esta Edici\u00f3n Especial<\/h2><a href=\"https:\/\/noticiasungs.ungs.edu.ar\/?p=7029\" class=\"btn btn-primary\" target=\"_self\">Ver<\/a>\t\t\t<\/div>\r\n\t\t<\/div>\r\n\t<\/div>\r\n\t\r\n<\/section>\r\n\r\n\t<\/div>\r\n\t\n\t\t<\/div> \n\t<\/div> \n<\/div><\/div><\/section><div class=\"vc_separator wpb_content_element vc_sep_width_100 vc_sep_border_width_10 vc_sep_pos_align_center vc_separator_no_text vc_sep_color_white\">\r\n\t<span class=\"vc_sep_holder vc_sep_holder_l\"><span class=\"vc_sep_line\"><\/span><\/span>\r\n\t\t<span class=\"vc_sep_holder vc_sep_holder_r\"><span class=\"vc_sep_line\"><\/span><\/span>\r\n<\/div>\r\n\n\n\t\t<\/div> \n\t<\/div> \n\n\t<div class=\"vc_col-sm-12 wpb_column vc_column_container \">\n\t\t<div class=\"wpb_wrapper\">\n\t\t\t<span class=\" alt-font text-center ebor-block\">..................<\/span><div class=\"text-center\"><h1 class=\"\"><\/p>\n<h1>Candidatas y Candidatos<\/h1>\n<p><\/h1><\/div>\r\n\t<section class=\"no-pad-bottom projects-gallery\">\r\n\t\t<div class=\"projects-wrapper clearfix\">\r\n\t\t\r\n\t\t\t\t\r\n\t\t\t\r\n\t\t\t\t<div class=\"projects-container\">\r\n\t\t\t\t\r\n\t\t\t\t\t<div id=\"portfolio-7005\" class=\"col-md-4 col-sm-6 no-pad project image-holder elecciones-2022\">\r\n\r\n\t<div class=\"background-image-holder\">\r\n\t\t<img width=\"2560\" height=\"1707\" src=\"https:\/\/noticiasungs.ungs.edu.ar\/wp-content\/uploads\/2022\/05\/Candidates-Elecciones-2022-3-scaled.jpg\" class=\"background-image wp-post-image\" alt=\"\" loading=\"lazy\" srcset=\"https:\/\/noticiasungs.ungs.edu.ar\/wp-content\/uploads\/2022\/05\/Candidates-Elecciones-2022-3-scaled.jpg 2560w, https:\/\/noticiasungs.ungs.edu.ar\/wp-content\/uploads\/2022\/05\/Candidates-Elecciones-2022-3-300x200.jpg 300w, https:\/\/noticiasungs.ungs.edu.ar\/wp-content\/uploads\/2022\/05\/Candidates-Elecciones-2022-3-1024x683.jpg 1024w, https:\/\/noticiasungs.ungs.edu.ar\/wp-content\/uploads\/2022\/05\/Candidates-Elecciones-2022-3-768x512.jpg 768w, https:\/\/noticiasungs.ungs.edu.ar\/wp-content\/uploads\/2022\/05\/Candidates-Elecciones-2022-3-1536x1024.jpg 1536w, https:\/\/noticiasungs.ungs.edu.ar\/wp-content\/uploads\/2022\/05\/Candidates-Elecciones-2022-3-2048x1365.jpg 2048w, https:\/\/noticiasungs.ungs.edu.ar\/wp-content\/uploads\/2022\/05\/Candidates-Elecciones-2022-3-600x400.jpg 600w\" sizes=\"(max-width: 2560px) 100vw, 2560px\" \/>\t<\/div>\r\n\t\r\n\t<div class=\"hover-state\">\r\n\t\t<div class=\"align-vertical text-center\">\r\n\t\t\t<h1 class=\"text-white\"><strong>Flavia Terigi<\/strong><\/h1>\t\t\t<p class=\"text-white ebor-limit-width\">&nbsp; Flavia Terigi es candidata a rectora de la Universidad por el \u201cFrente por la...<\/p>\r\n\t\t\t<a href=\"https:\/\/noticiasungs.ungs.edu.ar\/?portfolio=flavia-terigi-2\" class=\"btn btn-primary btn-white\">\r\n\t\t\t\tVer\t\t\t<\/a>\r\n\t\t<\/div>\r\n\t<\/div>\r\n\t\r\n<\/div><div id=\"portfolio-7017\" class=\"col-md-4 col-sm-6 no-pad project image-holder elecciones-2022\">\r\n\r\n\t<div class=\"background-image-holder\">\r\n\t\t<img width=\"2560\" height=\"1707\" src=\"https:\/\/noticiasungs.ungs.edu.ar\/wp-content\/uploads\/2022\/05\/Pablo-Bonaldi-2-scaled.jpg\" class=\"background-image wp-post-image\" alt=\"\" loading=\"lazy\" srcset=\"https:\/\/noticiasungs.ungs.edu.ar\/wp-content\/uploads\/2022\/05\/Pablo-Bonaldi-2-scaled.jpg 2560w, https:\/\/noticiasungs.ungs.edu.ar\/wp-content\/uploads\/2022\/05\/Pablo-Bonaldi-2-300x200.jpg 300w, https:\/\/noticiasungs.ungs.edu.ar\/wp-content\/uploads\/2022\/05\/Pablo-Bonaldi-2-1024x683.jpg 1024w, https:\/\/noticiasungs.ungs.edu.ar\/wp-content\/uploads\/2022\/05\/Pablo-Bonaldi-2-768x512.jpg 768w, https:\/\/noticiasungs.ungs.edu.ar\/wp-content\/uploads\/2022\/05\/Pablo-Bonaldi-2-1536x1024.jpg 1536w, https:\/\/noticiasungs.ungs.edu.ar\/wp-content\/uploads\/2022\/05\/Pablo-Bonaldi-2-2048x1365.jpg 2048w, https:\/\/noticiasungs.ungs.edu.ar\/wp-content\/uploads\/2022\/05\/Pablo-Bonaldi-2-600x400.jpg 600w\" sizes=\"(max-width: 2560px) 100vw, 2560px\" \/>\t<\/div>\r\n\t\r\n\t<div class=\"hover-state\">\r\n\t\t<div class=\"align-vertical text-center\">\r\n\t\t\t<h1 class=\"text-white\"><strong>Pablo Bonaldi<\/strong><\/h1>\t\t\t<p class=\"text-white ebor-limit-width\">&nbsp; &nbsp; Pablo Bonaldi es candidato a Decano del Instituto de Ciencias (ICI) de la...<\/p>\r\n\t\t\t<a href=\"https:\/\/noticiasungs.ungs.edu.ar\/?portfolio=pablo-bonaldi\" class=\"btn btn-primary btn-white\">\r\n\t\t\t\tVer\t\t\t<\/a>\r\n\t\t<\/div>\r\n\t<\/div>\r\n\t\r\n<\/div><div id=\"portfolio-7010\" class=\"col-md-4 col-sm-6 no-pad project image-holder elecciones-2022\">\r\n\r\n\t<div class=\"background-image-holder\">\r\n\t\t<img width=\"2560\" height=\"1707\" src=\"https:\/\/noticiasungs.ungs.edu.ar\/wp-content\/uploads\/2022\/05\/Guillermo-Jorge-scaled.jpg\" class=\"background-image wp-post-image\" alt=\"\" loading=\"lazy\" srcset=\"https:\/\/noticiasungs.ungs.edu.ar\/wp-content\/uploads\/2022\/05\/Guillermo-Jorge-scaled.jpg 2560w, https:\/\/noticiasungs.ungs.edu.ar\/wp-content\/uploads\/2022\/05\/Guillermo-Jorge-300x200.jpg 300w, https:\/\/noticiasungs.ungs.edu.ar\/wp-content\/uploads\/2022\/05\/Guillermo-Jorge-1024x683.jpg 1024w, https:\/\/noticiasungs.ungs.edu.ar\/wp-content\/uploads\/2022\/05\/Guillermo-Jorge-768x512.jpg 768w, https:\/\/noticiasungs.ungs.edu.ar\/wp-content\/uploads\/2022\/05\/Guillermo-Jorge-1536x1024.jpg 1536w, https:\/\/noticiasungs.ungs.edu.ar\/wp-content\/uploads\/2022\/05\/Guillermo-Jorge-2048x1365.jpg 2048w, https:\/\/noticiasungs.ungs.edu.ar\/wp-content\/uploads\/2022\/05\/Guillermo-Jorge-600x400.jpg 600w\" sizes=\"(max-width: 2560px) 100vw, 2560px\" \/>\t<\/div>\r\n\t\r\n\t<div class=\"hover-state\">\r\n\t\t<div class=\"align-vertical text-center\">\r\n\t\t\t<h1 class=\"text-white\"><strong>Guillermo Jorge<\/strong><\/h1>\t\t\t<p class=\"text-white ebor-limit-width\">&nbsp; &nbsp; Guillermo Jorge es candidato a Decano del Instituto de Ciencias (ICI) de la...<\/p>\r\n\t\t\t<a href=\"https:\/\/noticiasungs.ungs.edu.ar\/?portfolio=guillermo-jorge\" class=\"btn btn-primary btn-white\">\r\n\t\t\t\tVer\t\t\t<\/a>\r\n\t\t<\/div>\r\n\t<\/div>\r\n\t\r\n<\/div><div id=\"portfolio-7000\" class=\"col-md-4 col-sm-6 no-pad project image-holder elecciones-2022\">\r\n\r\n\t<div class=\"background-image-holder\">\r\n\t\t<img width=\"2560\" height=\"1707\" src=\"https:\/\/noticiasungs.ungs.edu.ar\/wp-content\/uploads\/2022\/05\/Ba\u0301rbara-Couto-3-scaled.jpg\" class=\"background-image wp-post-image\" alt=\"\" loading=\"lazy\" srcset=\"https:\/\/noticiasungs.ungs.edu.ar\/wp-content\/uploads\/2022\/05\/Ba\u0301rbara-Couto-3-scaled.jpg 2560w, https:\/\/noticiasungs.ungs.edu.ar\/wp-content\/uploads\/2022\/05\/Ba\u0301rbara-Couto-3-300x200.jpg 300w, https:\/\/noticiasungs.ungs.edu.ar\/wp-content\/uploads\/2022\/05\/Ba\u0301rbara-Couto-3-1024x683.jpg 1024w, https:\/\/noticiasungs.ungs.edu.ar\/wp-content\/uploads\/2022\/05\/Ba\u0301rbara-Couto-3-768x512.jpg 768w, https:\/\/noticiasungs.ungs.edu.ar\/wp-content\/uploads\/2022\/05\/Ba\u0301rbara-Couto-3-1536x1024.jpg 1536w, https:\/\/noticiasungs.ungs.edu.ar\/wp-content\/uploads\/2022\/05\/Ba\u0301rbara-Couto-3-2048x1365.jpg 2048w, https:\/\/noticiasungs.ungs.edu.ar\/wp-content\/uploads\/2022\/05\/Ba\u0301rbara-Couto-3-600x400.jpg 600w\" sizes=\"(max-width: 2560px) 100vw, 2560px\" \/>\t<\/div>\r\n\t\r\n\t<div class=\"hover-state\">\r\n\t\t<div class=\"align-vertical text-center\">\r\n\t\t\t<h1 class=\"text-white\"><strong>B\u00e1rbara Couto<\/strong><\/h1>\t\t\t<p class=\"text-white ebor-limit-width\">&nbsp; &nbsp; B\u00e1rbara Couto es candidata a Decana del Instituto del Conurbano (ICO) de la...<\/p>\r\n\t\t\t<a href=\"https:\/\/noticiasungs.ungs.edu.ar\/?portfolio=barbara-couto\" class=\"btn btn-primary btn-white\">\r\n\t\t\t\tVer\t\t\t<\/a>\r\n\t\t<\/div>\r\n\t<\/div>\r\n\t\r\n<\/div><div id=\"portfolio-7021\" class=\"col-md-4 col-sm-6 no-pad project image-holder elecciones-2022\">\r\n\r\n\t<div class=\"background-image-holder\">\r\n\t\t<img width=\"2560\" height=\"1707\" src=\"https:\/\/noticiasungs.ungs.edu.ar\/wp-content\/uploads\/2022\/05\/Julia-Smola1-scaled.jpg\" class=\"background-image wp-post-image\" alt=\"\" loading=\"lazy\" srcset=\"https:\/\/noticiasungs.ungs.edu.ar\/wp-content\/uploads\/2022\/05\/Julia-Smola1-scaled.jpg 2560w, https:\/\/noticiasungs.ungs.edu.ar\/wp-content\/uploads\/2022\/05\/Julia-Smola1-300x200.jpg 300w, https:\/\/noticiasungs.ungs.edu.ar\/wp-content\/uploads\/2022\/05\/Julia-Smola1-1024x683.jpg 1024w, https:\/\/noticiasungs.ungs.edu.ar\/wp-content\/uploads\/2022\/05\/Julia-Smola1-768x512.jpg 768w, https:\/\/noticiasungs.ungs.edu.ar\/wp-content\/uploads\/2022\/05\/Julia-Smola1-1536x1024.jpg 1536w, https:\/\/noticiasungs.ungs.edu.ar\/wp-content\/uploads\/2022\/05\/Julia-Smola1-2048x1365.jpg 2048w, https:\/\/noticiasungs.ungs.edu.ar\/wp-content\/uploads\/2022\/05\/Julia-Smola1-600x400.jpg 600w\" sizes=\"(max-width: 2560px) 100vw, 2560px\" \/>\t<\/div>\r\n\t\r\n\t<div class=\"hover-state\">\r\n\t\t<div class=\"align-vertical text-center\">\r\n\t\t\t<h1 class=\"text-white\"><strong>Julia Smola<\/strong><\/h1>\t\t\t<p class=\"text-white ebor-limit-width\">&nbsp; &nbsp; Julia Smola es candidata a Decana del Instituto del Desarrollo Humano (IDH) de...<\/p>\r\n\t\t\t<a href=\"https:\/\/noticiasungs.ungs.edu.ar\/?portfolio=julia-smola\" class=\"btn btn-primary btn-white\">\r\n\t\t\t\tVer\t\t\t<\/a>\r\n\t\t<\/div>\r\n\t<\/div>\r\n\t\r\n<\/div><div id=\"portfolio-7013\" class=\"col-md-4 col-sm-6 no-pad project image-holder elecciones-2022\">\r\n\r\n\t<div class=\"background-image-holder\">\r\n\t\t<img width=\"2518\" height=\"1679\" src=\"https:\/\/noticiasungs.ungs.edu.ar\/wp-content\/uploads\/2022\/05\/Nestor-Braidot-10.jpg\" class=\"background-image wp-post-image\" alt=\"\" loading=\"lazy\" srcset=\"https:\/\/noticiasungs.ungs.edu.ar\/wp-content\/uploads\/2022\/05\/Nestor-Braidot-10.jpg 2518w, https:\/\/noticiasungs.ungs.edu.ar\/wp-content\/uploads\/2022\/05\/Nestor-Braidot-10-300x200.jpg 300w, https:\/\/noticiasungs.ungs.edu.ar\/wp-content\/uploads\/2022\/05\/Nestor-Braidot-10-1024x683.jpg 1024w, https:\/\/noticiasungs.ungs.edu.ar\/wp-content\/uploads\/2022\/05\/Nestor-Braidot-10-768x512.jpg 768w, https:\/\/noticiasungs.ungs.edu.ar\/wp-content\/uploads\/2022\/05\/Nestor-Braidot-10-1536x1024.jpg 1536w, https:\/\/noticiasungs.ungs.edu.ar\/wp-content\/uploads\/2022\/05\/Nestor-Braidot-10-2048x1366.jpg 2048w, https:\/\/noticiasungs.ungs.edu.ar\/wp-content\/uploads\/2022\/05\/Nestor-Braidot-10-600x400.jpg 600w\" sizes=\"(max-width: 2518px) 100vw, 2518px\" \/>\t<\/div>\r\n\t\r\n\t<div class=\"hover-state\">\r\n\t\t<div class=\"align-vertical text-center\">\r\n\t\t\t<h1 class=\"text-white\"><strong>N\u00e9stor Braidot<\/strong><\/h1>\t\t\t<p class=\"text-white ebor-limit-width\">&nbsp; &nbsp; N\u00e9stor Braidot es candidato a Decano del Instituto de Industria (IDEI) de la...<\/p>\r\n\t\t\t<a href=\"https:\/\/noticiasungs.ungs.edu.ar\/?portfolio=nestor-braidot-2\" class=\"btn btn-primary btn-white\">\r\n\t\t\t\tVer\t\t\t<\/a>\r\n\t\t<\/div>\r\n\t<\/div>\r\n\t\r\n<\/div>\t\t\t\t\r\n\t\t\t\t<\/div><!--end of projects-container-->\r\n\t\t\t\t\r\n\t\t\t\r\n\t\t<\/div><!--end of projects wrapper-->\r\n\t<\/section>\r\n\t\t\t\r\n<div class=\"lead text-center \"><p><a href=\"https:\/\/noticiasungs.ungs.edu.ar\/?page_id=5100\" class=\"btn btn-primary\" target=\"_self\">Ver todas las notas de Noticias UNGS<\/a><\/p>\n<\/div>\n\t\t<\/div> \n\t<\/div> \n<\/section><section class=\"full vc_row wpb_row vc_row-fluid\">\n\t<div class=\"vc_col-sm-12 wpb_column vc_column_container \">\n\t\t<div class=\"wpb_wrapper\">\n\t\t\t<div class=\"vc_separator wpb_content_element vc_sep_width_100 vc_sep_pos_align_center vc_separator_no_text vc_sep_color_white\">\r\n\t<span class=\"vc_sep_holder vc_sep_holder_l\"><span class=\"vc_sep_line\"><\/span><\/span>\r\n\t\t<span class=\"vc_sep_holder vc_sep_holder_r\"><span class=\"vc_sep_line\"><\/span><\/span>\r\n<\/div>\r\n\n\n\t\t<\/div> \n\t<\/div> \n<\/section><section class=\"full vc_row wpb_row vc_row-fluid\">\n\t<div class=\"vc_col-sm-3 wpb_column vc_column_container \">\n\t\t<div class=\"wpb_wrapper\">\n\t\t\t\n\t<div class=\"wpb_text_column wpb_content_element \">\n\t\t<div class=\"wpb_wrapper\">\n\t\t\t<p><\/p>\n\n\t\t<\/div> \n\t<\/div> \n\t\t<\/div> \n\t<\/div> \n\n\t<div class=\"vc_col-sm-3 wpb_column vc_column_container \">\n\t\t<div class=\"wpb_wrapper\">\n\t\t\t\n\t<div class=\"wpb_text_column wpb_content_element \">\n\t\t<div class=\"wpb_wrapper\">\n\t\t\t<p><\/p>\n\n\t\t<\/div> \n\t<\/div> \n\t\t<\/div> \n\t<\/div> \n<\/section><section class=\"full vc_row wpb_row vc_row-fluid\">\n\t<div class=\"vc_col-sm-2 wpb_column vc_column_container \">\n\t\t<div class=\"wpb_wrapper\">\n\t\t\t\n\t<div class=\"wpb_text_column wpb_content_element \">\n\t\t<div class=\"wpb_wrapper\">\n\t\t\t<p><\/p>\n\n\t\t<\/div> \n\t<\/div> \n\t\t<\/div> \n\t<\/div> \n\n\t<div class=\"vc_col-sm-8 wpb_column vc_column_container \">\n\t\t<div class=\"wpb_wrapper\">\n\t\t\t<div class=\"vc_separator wpb_content_element vc_sep_width_100 vc_sep_pos_align_center vc_separator_no_text vc_sep_color_white\">\r\n\t<span class=\"vc_sep_holder vc_sep_holder_l\"><span class=\"vc_sep_line\"><\/span><\/span>\r\n\t\t<span class=\"vc_sep_holder vc_sep_holder_r\"><span class=\"vc_sep_line\"><\/span><\/span>\r\n<\/div>\r\n\n\n\t\t<\/div> \n\t<\/div> \n\n\t<div class=\"vc_col-sm-2 wpb_column vc_column_container \">\n\t\t<div class=\"wpb_wrapper\">\n\t\t\t\n\t<div class=\"wpb_text_column wpb_content_element \">\n\t\t<div class=\"wpb_wrapper\">\n\t\t\t<p><\/p>\n\n\t\t<\/div> \n\t<\/div> \n\t\t<\/div> \n\t<\/div> \n<\/section><section class=\"full vc_row wpb_row vc_row-fluid\">\n\t<div class=\"vc_col-sm-12 wpb_column vc_column_container \">\n\t\t<div class=\"wpb_wrapper\">\n\t\t\t\n\t<div class=\"wpb_text_column wpb_content_element \">\n\t\t<div class=\"wpb_wrapper\">\n\t\t\t<p><\/p>\n\n\t\t<\/div> \n\t<\/div> \n\t<div class=\"wpb_text_column wpb_content_element \">\n\t\t<div class=\"wpb_wrapper\">\n\t\t\t<p><\/p>\n\n\t\t<\/div> \n\t<\/div> \n\t<div class=\"wpb_text_column wpb_content_element \">\n\t\t<div class=\"wpb_wrapper\">\n\t\t\t<p><\/p>\n\n\t\t<\/div> \n\t<\/div> \n\t\t<\/div> \n\t<\/div> \n\n\t<div class=\"vc_col-sm-12 wpb_column vc_column_container \">\n\t\t<div class=\"wpb_wrapper\">\n\t\t\t\n\t<div class=\"wpb_text_column wpb_content_element \">\n\t\t<div class=\"wpb_wrapper\">\n\t\t\t<p><\/p>\n\n\t\t<\/div> \n\t<\/div> \n\t\t<\/div> \n\t<\/div> \n\n\t<div class=\"vc_col-sm-12 wpb_column vc_column_container \">\n\t\t<div class=\"wpb_wrapper\">\n\t\t\t\n\t\t<\/div> \n\t<\/div> \n<\/section><section class=\"full vc_row wpb_row vc_row-fluid\">\n\t<div class=\"vc_col-sm-4 wpb_column vc_column_container \">\n\t\t<div class=\"wpb_wrapper\">\n\t\t\t\n\t<div class=\"wpb_text_column wpb_content_element \">\n\t\t<div class=\"wpb_wrapper\">\n\t\t\t<p><\/p>\n\n\t\t<\/div> \n\t<\/div> \n\t\t<\/div> \n\t<\/div> \n\n\t<div class=\"vc_col-sm-4 wpb_column vc_column_container \">\n\t\t<div class=\"wpb_wrapper\">\n\t\t\t\n\t<div class=\"wpb_text_column wpb_content_element \">\n\t\t<div class=\"wpb_wrapper\">\n\t\t\t<p><\/p>\n\n\t\t<\/div> \n\t<\/div> \n\t\t<\/div> \n\t<\/div> \n\n\t<div class=\"vc_col-sm-4 wpb_column vc_column_container \">\n\t\t<div class=\"wpb_wrapper\">\n\t\t\t\n\t<div class=\"wpb_text_column wpb_content_element \">\n\t\t<div class=\"wpb_wrapper\">\n\t\t\t<p><\/p>\n\n\t\t<\/div> \n\t<\/div> \n\t\t<\/div> \n\t<\/div> \n<\/section><a href=\"#\" id=\"\" class=\"in-page-link\"><\/a><section class=\" vc_row wpb_row vc_row-fluid\"><div class=\"container\"><div class=\"row\">\n\t<div class=\"vc_col-sm-12 wpb_column vc_column_container \">\n\t\t<div class=\"wpb_wrapper\">\n\t\t\t<a href=\"#\" id=\"\" class=\"in-page-link\"><\/a><section class=\" vc_row wpb_row vc_inner vc_row-fluid\"><div class=\"container\"><div class=\"row\">\n\t<div class=\"vc_col-sm-4 wpb_column vc_column_container \">\n\t\t<div class=\"wpb_wrapper\">\n\t\t\t<br \/>\n\n\t\t<\/div> \n\t<\/div> \n\n\t<div class=\"vc_col-sm-4 wpb_column vc_column_container \">\n\t\t<div class=\"wpb_wrapper\">\n\t\t\t<div class=\"vc_wp_search wpb_content_element\"><div class=\"widget widget_search\"><h2 class=\"widgettitle\">Buscar<\/h2><form class=\"searchform comment-form\" method=\"get\" id=\"searchform\" action=\"https:\/\/noticiasungs.ungs.edu.ar\">\r\n\t<div class=\"form-input\">\r\n\t\t<input type=\"text\" id=\"s2\" name=\"s\" placeholder=\"Escribir y presionar enter para buscar\" \/>\r\n\t<\/div>\r\n<\/form><\/div><\/div>\n\n\t\t<\/div> \n\t<\/div> \n\n\t<div class=\"vc_col-sm-4 wpb_column vc_column_container \">\n\t\t<div class=\"wpb_wrapper\">\n\t\t\t<br \/>\n\n\t\t<\/div> \n\t<\/div> \n<\/div><\/div><\/section>\n\t\t<\/div> \n\t<\/div> \n<\/div><\/div><\/section><a href=\"#\" id=\"\" class=\"in-page-link\"><\/a><section class=\" vc_row wpb_row vc_row-fluid\"><div class=\"container\"><div class=\"row\">\n\t<div class=\"vc_col-sm-12 wpb_column vc_column_container \">\n\t\t<div class=\"wpb_wrapper\">\n\t\t\t<span class=\" alt-font text-center ebor-block\">..................<\/span><div class=\"text-center\"><h1 class=\"\"><\/p>\n<h1>Equipo<\/h1>\n<p><\/h1><\/div><div class=\"lead text-center \"><\/p>\n<p style=\"text-align: left;\"><strong>Rectora:<\/strong> Gabriela Diker<br \/>\n<strong>Vicerrector:<\/strong> Pablo Bonaldi<br \/>\n<strong>Director:<\/strong> Eduardo Rinesi<br \/>\n<strong>Secretaria de redacci\u00f3n:<\/strong> Brenda Liener<br \/>\n<strong>Grupo editor:<\/strong> Marcela Bello, Anal\u00eda Fasoletti, Yanina Fuggetta, Mar\u00eda Pia L\u00f3pez, Mariana Luzzi y Dar\u00edo Stukalsky.<br \/>\n<strong>Diagramaci\u00f3n:<\/strong> Luciano Gigliotti<br \/>\n<strong>Fotograf\u00eda:<\/strong> Pablo Cittadini<\/p>\n<p>\n<\/div>\n\t\t<\/div> \n\t<\/div> \n<\/div><\/div><\/section>\n<!-- AddThis Advanced Settings generic via filter on the_content --><!-- AddThis Share Buttons generic via filter on the_content -->","protected":false},"excerpt":{"rendered":"&nbsp; &nbsp; N\u00e9stor Braidot es candidato a Decano del Instituto de Industria (IDEI) de la...<!-- AddThis Advanced Settings generic via filter on the_excerpt --><!-- AddThis Share Buttons generic via filter on the_excerpt -->","protected":false},"author":125,"featured_media":0,"parent":0,"menu_order":0,"comment_status":"closed","ping_status":"closed","template":"","meta":[],"_links":{"self":[{"href":"https:\/\/noticiasungs.ungs.edu.ar\/index.php?rest_route=\/wp\/v2\/pages\/6990"}],"collection":[{"href":"https:\/\/noticiasungs.ungs.edu.ar\/index.php?rest_route=\/wp\/v2\/pages"}],"about":[{"href":"https:\/\/noticiasungs.ungs.edu.ar\/index.php?rest_route=\/wp\/v2\/types\/page"}],"author":[{"embeddable":true,"href":"https:\/\/noticiasungs.ungs.edu.ar\/index.php?rest_route=\/wp\/v2\/users\/125"}],"replies":[{"embeddable":true,"href":"https:\/\/noticiasungs.ungs.edu.ar\/index.php?rest_route=%2Fwp%2Fv2%2Fcomments&post=6990"}],"version-history":[{"count":0,"href":"https:\/\/noticiasungs.ungs.edu.ar\/index.php?rest_route=\/wp\/v2\/pages\/6990\/revisions"}],"wp:attachment":[{"href":"https:\/\/noticiasungs.ungs.edu.ar\/index.php?rest_route=%2Fwp%2Fv2%2Fmedia&parent=6990"}],"curies":[{"name":"wp","href":"https:\/\/api.w.org\/{rel}","templated":true}]}}